{"id":14,"date":"2018-04-13T04:56:44","date_gmt":"2018-04-13T04:56:44","guid":{"rendered":"https:\/\/zamora.kingdelhi.com\/?page_id=14"},"modified":"2025-05-15T19:35:40","modified_gmt":"2025-05-15T17:35:40","slug":"home","status":"publish","type":"page","link":"https:\/\/zamora.kingdelhi.com\/","title":{"rendered":"Home"},"content":{"rendered":"<div class=\"wpb-content-wrapper\"><p>[vc_section bully_section=\u00bbyes\u00bb][vc_row][vc_column][vc_row_inner content_placement=\u00bbmiddle\u00bb][vc_column_inner el_align=\u00bbcenter\u00bb el_class=\u00bbrs_col-sm-12&#8243; width=\u00bb1\/2&#8243; offset=\u00bbvc_col-lg-6 vc_col-md-12&#8243;]<div class='dt-sc-title with-image with-sub-title aligncenter'><h4><\/h4><h2>D\u00d3NDE ESTAMOS<\/h2><p><img loading=\"lazy\" decoding=\"async\" width=\"43\" height=\"43\" src=\"https:\/\/zamora.kingdelhi.com\/wp-content\/uploads\/2018\/04\/flower-decor.png\" class=\"attachment-full\" alt=\"flower-decor\" title=\"flower-decor\" \/><\/p><\/div>[vc_column_text]Estamos en la Avenida de Portugal, en Zamora.<br \/>\nAn\u00edmate a degustar nuestra comida india original.[\/vc_column_text][\/vc_column_inner][vc_column_inner el_class=\u00bbrs_col-sm-12&#8243; width=\u00bb1\/2&#8243; offset=\u00bbvc_col-lg-6 vc_col-md-12&#8243;]<div class='dt-sc-image-border leftspace' style='background-image: url(\"https:\/\/zamora.kingdelhi.com\/wp-content\/uploads\/2022\/12\/WhatsApp-Image-2022-12-31-at-16.40.27-e1672502995954.jpeg\");'><img src='https:\/\/zamora.kingdelhi.com\/wp-content\/uploads\/2022\/12\/WhatsApp-Image-2022-12-31-at-16.40.27-e1672502995954.jpeg' class='dt-sc-main-image' alt='img' \/><\/div>[\/vc_column_inner][\/vc_row_inner]<div id=\"1524468969139-86b8bfe4-d65c\" class=\"dt-sc-empty-space\"><\/div>[vc_row_inner content_placement=\u00bbmiddle\u00bb][vc_column_inner el_class=\u00bbrs_col-sm-12&#8243; width=\u00bb1\/2&#8243; offset=\u00bbvc_col-lg-6 vc_col-md-12&#8243;]<div class='dt-sc-image-border ' style='background-image: url(\"https:\/\/zamora.kingdelhi.com\/wp-content\/uploads\/2022\/12\/WhatsApp-Image-2022-12-31-at-16.00.00-3.jpeg\");'><img src='https:\/\/zamora.kingdelhi.com\/wp-content\/uploads\/2022\/12\/WhatsApp-Image-2022-12-31-at-16.00.00-3.jpeg' class='dt-sc-main-image' alt='img' \/><\/div>[\/vc_column_inner][vc_column_inner el_align=\u00bbcenter\u00bb el_class=\u00bbrs_col-sm-12&#8243; width=\u00bb1\/2&#8243; offset=\u00bbvc_col-lg-6 vc_col-md-12&#8243;]<div class='dt-sc-title with-image with-sub-title aligncenter'><h4>Conoce<\/h4><h2>NUESTRO RESTAURANTE<\/h2><p><img loading=\"lazy\" decoding=\"async\" width=\"43\" height=\"43\" src=\"https:\/\/zamora.kingdelhi.com\/wp-content\/uploads\/2018\/04\/flower-decor.png\" class=\"attachment-full\" alt=\"flower-decor\" title=\"flower-decor\" \/><\/p><\/div>[vc_column_text]240m<sup>2<\/sup> en los que podr\u00e1s disfrutar de nuestras recetas de comida india originales, acompa\u00f1ados de bebidas aut\u00e9nticas.[\/vc_column_text][\/vc_column_inner][\/vc_row_inner]<div id=\"1523610614821-afdd0a1e-2c1d\" class=\"dt-sc-empty-space\"><\/div>[\/vc_column][\/vc_row][\/vc_section][vc_row full_width=\u00bbstretch_row\u00bb bg_type=\u00bbimage\u00bb parallax_style=\u00bbvcpb-vz-jquery\u00bb bg_image_new=\u00bbid^13970|url^https:\/\/zamora.kingdelhi.com\/wp-content\/uploads\/2021\/09\/three-img-parallax_2.png|caption^null|alt^null|title^three-img-parallax_2|description^null\u00bb bg_image_repeat=\u00bbno-repeat\u00bb bg_override=\u00bbex-full\u00bb fadeout_row=\u00bbfadeout_row_value\u00bb fadeout_start_effect=\u00bb60&#8243; el_class=\u00bbdt-sc-dark-bg\u00bb][vc_column el_align=\u00bbcenter\u00bb]<div id=\"1523619906108-5d9eed2d-e4aa\" class=\"dt-sc-empty-space\"><\/div><div class='dt-sc-title script-with-sub-title '><h3>Conoce nuestro men\u00fa<\/h3><h4><\/h4><\/div><a href='https:\/\/zamora.kingdelhi.com\/menu\/' target='_self' title='' class='dt-sc-button   large   filled  '  style=\"background-color:#deb661;border-color:#deb661;color:#ffffff;font-size:25;\"> Ver <\/a><div id=\"1523619920293-7b460618-39a1\" class=\"dt-sc-empty-space\"><\/div>[\/vc_column][\/vc_row][vc_section bully_section=\u00bbyes\u00bb][vc_row][vc_column]<div id=\"1533365800151-09e7b43f-c7d1\" class=\"dt-sc-empty-space\"><\/div>[\/vc_column][vc_column width=\u00bb1\/2&#8243;]<div class='dt-sc-title with-image with-sub-title aligncenter'><h4>Descubre<\/h4><h2>NUESTRO RESTAURANTE<\/h2><p><img loading=\"lazy\" decoding=\"async\" width=\"50\" height=\"50\" src=\"https:\/\/zamora.kingdelhi.com\/wp-content\/uploads\/2018\/04\/flower-decor-2.png\" class=\"attachment-full\" alt=\"flower-decor-2\" title=\"flower-decor-2\" \/><\/p><\/div>[\/vc_column][vc_column width=\u00bb1\/2&#8243;][vc_single_image image=\u00bb14099&#8243; img_size=\u00bbfull\u00bb alignment=\u00bbcenter\u00bb][\/vc_column][vc_column]<div id=\"1641218809536-2369a4f9-fe3e\" class=\"dt-sc-empty-space\"><\/div>[\/vc_column][\/vc_row][vc_row content_placement=\u00bbmiddle\u00bb][vc_column width=\u00bb1\/3&#8243; el_class=\u00bbrs_col-sm-6&#8243; offset=\u00bbvc_col-lg-4 vc_col-md-6&#8243;]<div class='dt-sc-icon-box type1 '><div class=\"icon-wrapper\"><img loading=\"lazy\" decoding=\"async\" width=\"53\" height=\"53\" src=\"https:\/\/zamora.kingdelhi.com\/wp-content\/uploads\/2018\/08\/ico-1.png\" class=\"attachment-full\" alt=\"\" title=\"ico-1\" \/><\/div><div class=\"icon-content\"><h4>COMIDA INDIA DE CALIDAD<\/h4><p>Encontrar\u00e1s gran variedad de platos tradicionales elaborados con los mejores ingredientes.<\/p><\/div><span class='large-icon'><img loading=\"lazy\" decoding=\"async\" width=\"53\" height=\"53\" src=\"https:\/\/zamora.kingdelhi.com\/wp-content\/uploads\/2018\/08\/ico-1.png\" class=\"attachment-full\" alt=\"\" title=\"ico-1\" \/><\/span><\/div>[\/vc_column][vc_column width=\u00bb1\/3&#8243; el_class=\u00bbrs_col-sm-6&#8243; offset=\u00bbvc_col-lg-4 vc_col-md-6&#8243;]<div class='dt-sc-icon-box type1 '><div class=\"icon-wrapper\"><img loading=\"lazy\" decoding=\"async\" width=\"53\" height=\"53\" src=\"https:\/\/zamora.kingdelhi.com\/wp-content\/uploads\/2018\/08\/ico-2.png\" class=\"attachment-full\" alt=\"\" title=\"ico-2\" \/><\/div><div class=\"icon-content\"><h4>BEBIDAS T\u00cdPICAS<\/h4><p>Disfruta de alguna de nuestras frescas cervezas premium importadas de la India<\/p><\/div><span class='large-icon'><img loading=\"lazy\" decoding=\"async\" width=\"53\" height=\"53\" src=\"https:\/\/zamora.kingdelhi.com\/wp-content\/uploads\/2018\/08\/ico-2.png\" class=\"attachment-full\" alt=\"\" title=\"ico-2\" \/><\/span><\/div>[\/vc_column][vc_column width=\u00bb1\/3&#8243; el_class=\u00bbrs_col-sm-6&#8243; offset=\u00bbvc_col-lg-4 vc_col-md-6&#8243;]<div class='dt-sc-icon-box type1 last'><div class=\"icon-wrapper\"><img loading=\"lazy\" decoding=\"async\" width=\"53\" height=\"53\" src=\"https:\/\/zamora.kingdelhi.com\/wp-content\/uploads\/2018\/08\/ico-4.png\" class=\"attachment-full\" alt=\"\" title=\"ico-4\" \/><\/div><div class=\"icon-content\"><h4>COCINEROS<\/h4><p>Nuestros cocineros cuentan con a\u00f1os de experiencia trabajando en restaurantes indios.<\/p><\/div><span class='large-icon'><img loading=\"lazy\" decoding=\"async\" width=\"53\" height=\"53\" src=\"https:\/\/zamora.kingdelhi.com\/wp-content\/uploads\/2018\/08\/ico-4.png\" class=\"attachment-full\" alt=\"\" title=\"ico-4\" \/><\/span><\/div>[\/vc_column][vc_column width=\u00bb1\/3&#8243; el_class=\u00bbrs_col-sm-6&#8243; offset=\u00bbvc_col-lg-4 vc_col-md-6&#8243;]<div class='dt-sc-icon-box type1 '><div class=\"icon-wrapper\"><img loading=\"lazy\" decoding=\"async\" width=\"53\" height=\"53\" src=\"https:\/\/zamora.kingdelhi.com\/wp-content\/uploads\/2018\/08\/ico-3.png\" class=\"attachment-full\" alt=\"\" title=\"ico-3\" \/><\/div><div class=\"icon-content\"><h4>CURRY TRADICIONAL DE PESCADO Y LANGOSTINOS<\/h4><p><span class=\"fontstyle0\">Curry de pescado o langostinos preparado en salsa de tomate, cebolla, especias, jengibre, cilantro y ligeramente picante<\/span> .<\/p><\/div><span class='large-icon'><img loading=\"lazy\" decoding=\"async\" width=\"53\" height=\"53\" src=\"https:\/\/zamora.kingdelhi.com\/wp-content\/uploads\/2018\/08\/ico-3.png\" class=\"attachment-full\" alt=\"\" title=\"ico-3\" \/><\/span><\/div>[\/vc_column][vc_column width=\u00bb1\/3&#8243; el_class=\u00bbrs_col-sm-6&#8243; offset=\u00bbvc_col-lg-4 vc_col-md-6&#8243;]<div class='dt-sc-icon-box type1 last'><div class=\"icon-wrapper\"><img loading=\"lazy\" decoding=\"async\" width=\"53\" height=\"53\" src=\"https:\/\/zamora.kingdelhi.com\/wp-content\/uploads\/2018\/08\/ico-5.png\" class=\"attachment-full\" alt=\"\" title=\"ico-5\" \/><\/div><div class=\"icon-content\"><h4>CURRY TRADICIONAL DE POLLO<\/h4><p>Exquisito curry de pollo o cordero preparado en salsa cremosa de especias indias y hierbas arom\u00e1ticas.<\/p><\/div><span class='large-icon'><img loading=\"lazy\" decoding=\"async\" width=\"53\" height=\"53\" src=\"https:\/\/zamora.kingdelhi.com\/wp-content\/uploads\/2018\/08\/ico-5.png\" class=\"attachment-full\" alt=\"\" title=\"ico-5\" \/><\/span><\/div>[\/vc_column][vc_column width=\u00bb1\/3&#8243; el_class=\u00bbrs_col-sm-6&#8243; offset=\u00bbvc_col-lg-4 vc_col-md-6&#8243;]<div class='dt-sc-icon-box type1 last'><div class=\"icon-wrapper\"><img loading=\"lazy\" decoding=\"async\" width=\"53\" height=\"53\" src=\"https:\/\/zamora.kingdelhi.com\/wp-content\/uploads\/2018\/08\/ico-6.png\" class=\"attachment-full\" alt=\"\" title=\"ico-6\" \/><\/div><div class=\"icon-content\"><h4>ARROZ BASMATI<\/h4><p>Arroz basmati con guisantes y tradicionales especias indias.<\/p><\/div><span class='large-icon'><img loading=\"lazy\" decoding=\"async\" width=\"53\" height=\"53\" src=\"https:\/\/zamora.kingdelhi.com\/wp-content\/uploads\/2018\/08\/ico-6.png\" class=\"attachment-full\" alt=\"\" title=\"ico-6\" \/><\/span><\/div>[\/vc_column][vc_column]<div id=\"1533543517837-9dc49770-a574\" class=\"dt-sc-empty-space\"><\/div>[\/vc_column][\/vc_row][\/vc_section][vc_row full_width=\u00bbstretch_row\u00bb bg_type=\u00bbimage\u00bb parallax_style=\u00bbvcpb-vz-jquery\u00bb bg_image_new=\u00bbid^13973|url^https:\/\/zamora.kingdelhi.com\/wp-content\/uploads\/2021\/09\/blog-2-4_3.jpg|caption^null|alt^null|title^blog-2-4_3|description^null\u00bb bg_override=\u00bbex-full\u00bb fadeout_row=\u00bbfadeout_row_value\u00bb fadeout_start_effect=\u00bb60&#8243; enable_overlay=\u00bbenable_overlay_value\u00bb overlay_color=\u00bbrgba(0,0,0,0.7)\u00bb el_class=\u00bbdt-sc-dark-bg\u00bb][vc_column el_align=\u00bbcenter\u00bb]<div id=\"1524468645695-b43498aa-1906\" class=\"dt-sc-empty-space\"><\/div><div class='dt-sc-title script-with-sub-title dt-sc-custom-title'><h3>Divi\u00e9rtete con tu familia y amigos<\/h3><h4><\/h4><\/div><a href='https:\/\/zamora.kingdelhi.com\/reservation\/' target='_self' title='' class='dt-sc-button   large   filled  '  style=\"background-color:#deb661;border-color:#deb661;color:#ffffff;font-size:25;\"> Haz tu reserva <\/a><div id=\"1524468645902-bec76402-a641\" class=\"dt-sc-empty-space\"><\/div>[\/vc_column][\/vc_row][vc_section bully_section=\u00bbyes\u00bb][vc_row full_width=\u00bbstretch_row_content_no_spaces\u00bb equal_height=\u00bbyes\u00bb content_placement=\u00bbmiddle\u00bb][vc_column el_align=\u00bbcenter\u00bb width=\u00bb1\/3&#8243; el_class=\u00bbdt-sc-custom-gallery-content rs_col-sm-12&#8243; offset=\u00bbvc_col-lg-4 vc_col-md-12&#8243;]<div id=\"1523620677154-c8ecfa30-3838\" class=\"dt-sc-empty-space\"><\/div><div class='dt-sc-title with-image with-sub-title aligncenter'><h4>Descubre<\/h4><h2>NUESTRAS RECETAS<\/h2><\/div>[vc_column_text]Pakora Gamba, Samosa con carne, King Delhi Special Tandoori pollo, pollo Tikka al ajo, Reshmi Kebab, King Delhi pollo Tikka Masala, Pollo Shahi Korma, King Delhi Karahi Gosht, Keema Matar&#8230;[\/vc_column_text]<a href='https:\/\/zamora.kingdelhi.com\/menu\/' target='_self' title='' class='dt-sc-button   medium   filled  ' > Nuestra Carta <\/a><div id=\"1523620686435-fe8f72e9-31a4\" class=\"dt-sc-empty-space\"><\/div>[\/vc_column][vc_column width=\u00bb2\/3&#8243; offset=\u00bbvc_col-lg-8 vc_col-md-12&#8243; el_class=\u00bbrs_col-sm-12&#8243;]<div class=\"dt-sc-portfolio-container no-space\"><div class=\"grid-sizer  portfolio column dt-sc-one-third\"><\/div><div id=\"dt_portfolios-13967\" class=\"type9 no-space portfolio column dt-sc-one-third first\">\t<figure>\t\t<img decoding=\"async\" src=\"https:\/\/zamora.kingdelhi.com\/wp-content\/uploads\/2021\/09\/indian-bread-naan-3EHJG36-Large-640x480.jpg\" alt=\"Pan Naan\" title=\"Pan Naan\"\/>\t\t<div class=\"image-overlay\"><div class=\"links\"><a title=\"Pan Naan\" data-gal=\"prettyPhoto[gallery]\" href=\"https:\/\/zamora.kingdelhi.com\/wp-content\/uploads\/2021\/09\/indian-bread-naan-3EHJG36-Large-640x480.jpg\">\t<span class=\"pe-icon pe-plus\"> <\/span><\/a><\/div>\t\t<\/div>\t<\/figure><\/div><div id=\"dt_portfolios-13965\" class=\"type9 no-space portfolio column dt-sc-one-third\">\t<figure>\t\t<img decoding=\"async\" src=\"https:\/\/zamora.kingdelhi.com\/wp-content\/uploads\/2021\/09\/peppercorn-and-indian-spice-PCS84K9-Large-640x480.jpg\" alt=\"Pimienta y especias de la India\" title=\"Pimienta y especias de la India\"\/>\t\t<div class=\"image-overlay\"><div class=\"links\"><a title=\"Pimienta y especias de la India\" data-gal=\"prettyPhoto[gallery]\" href=\"https:\/\/zamora.kingdelhi.com\/wp-content\/uploads\/2021\/09\/peppercorn-and-indian-spice-PCS84K9-Large-640x480.jpg\">\t<span class=\"pe-icon pe-plus\"> <\/span><\/a><\/div>\t\t<\/div>\t<\/figure><\/div><div id=\"dt_portfolios-13963\" class=\"type9 no-space portfolio column dt-sc-one-third\">\t<figure>\t\t<img decoding=\"async\" src=\"https:\/\/zamora.kingdelhi.com\/wp-content\/uploads\/2021\/09\/indian-curry-PJLKTCS-Large-640x480.jpg\" alt=\"Curry indio\" title=\"Curry indio\"\/>\t\t<div class=\"image-overlay\"><div class=\"links\"><a title=\"Curry indio\" data-gal=\"prettyPhoto[gallery]\" href=\"https:\/\/zamora.kingdelhi.com\/wp-content\/uploads\/2021\/09\/indian-curry-PJLKTCS-Large-640x480.jpg\">\t<span class=\"pe-icon pe-plus\"> <\/span><\/a><\/div>\t\t<\/div>\t<\/figure><\/div><div id=\"dt_portfolios-13961\" class=\"type9 no-space portfolio column dt-sc-one-third first\">\t<figure>\t\t<img decoding=\"async\" src=\"https:\/\/zamora.kingdelhi.com\/wp-content\/uploads\/2021\/09\/indian-chicken-curry-EQQEDBK-Large-640x480.jpg\" alt=\"Pollo al curry\" title=\"Pollo al curry\"\/>\t\t<div class=\"image-overlay\"><div class=\"links\"><a title=\"Pollo al curry\" data-gal=\"prettyPhoto[gallery]\" href=\"https:\/\/zamora.kingdelhi.com\/wp-content\/uploads\/2021\/09\/indian-chicken-curry-EQQEDBK-Large-640x480.jpg\">\t<span class=\"pe-icon pe-plus\"> <\/span><\/a><\/div>\t\t<\/div>\t<\/figure><\/div><div id=\"dt_portfolios-13958\" class=\"type9 no-space portfolio column dt-sc-one-third\">\t<figure>\t\t<img decoding=\"async\" src=\"https:\/\/zamora.kingdelhi.com\/wp-content\/uploads\/2021\/09\/indian-tuna-fish-J4TE8BB-Large-640x480.jpg\" alt=\"Pescados\" title=\"Pescados\"\/>\t\t<div class=\"image-overlay\"><div class=\"links\"><a title=\"Pescados\" data-gal=\"prettyPhoto[gallery]\" href=\"https:\/\/zamora.kingdelhi.com\/wp-content\/uploads\/2021\/09\/indian-tuna-fish-J4TE8BB-Large-640x480.jpg\">\t<span class=\"pe-icon pe-plus\"> <\/span><\/a><\/div>\t\t<\/div>\t<\/figure><\/div><div id=\"dt_portfolios-13929\" class=\"type9 no-space portfolio column dt-sc-one-third\">\t<figure>\t\t<img decoding=\"async\" src=\"https:\/\/zamora.kingdelhi.com\/wp-content\/uploads\/2021\/09\/assorted-indian-food-on-stone-background-dishes-of-E69ZTYJ-Large-640x480.jpg\" alt=\"Comida india variada\" title=\"Comida india variada\"\/>\t\t<div class=\"image-overlay\"><div class=\"links\"><a title=\"Comida india variada\" data-gal=\"prettyPhoto[gallery]\" href=\"https:\/\/zamora.kingdelhi.com\/wp-content\/uploads\/2021\/09\/assorted-indian-food-on-stone-background-dishes-of-E69ZTYJ-Large-640x480.jpg\">\t<span class=\"pe-icon pe-plus\"> <\/span><\/a><\/div>\t\t<\/div>\t<\/figure><\/div><\/div>[\/vc_column][\/vc_row][\/vc_section][vc_row full_width=\u00bbstretch_row\u00bb bg_type=\u00bbimage\u00bb parallax_style=\u00bbvcpb-vz-jquery\u00bb bg_image_new=\u00bbid^13944|url^https:\/\/zamora.kingdelhi.com\/wp-content\/uploads\/2021\/09\/assortment-of-various-kinds-of-indian-cousine-on-d-FAPDN5C-Large.jpg|caption^Assortment of various kinds of Indian cousine on dark rusty table. Chicken Tikka Masala, Butter, Nilgiri, Daal Tarka. Served with fried rice, naan bread and spices. Flat lay with copy space.|alt^null|title^Assortment of various kinds of Indian cousine on dark rusty table|description^null\u00bb bg_override=\u00bbex-full\u00bb fadeout_row=\u00bbfadeout_row_value\u00bb fadeout_start_effect=\u00bb60&#8243; enable_overlay=\u00bbenable_overlay_value\u00bb overlay_color=\u00bbrgba(0,0,0,0.3)\u00bb el_class=\u00bbdt-sc-dark-bg\u00bb css=\u00bb.vc_custom_1631642055823{background-position: center !important;background-repeat: no-repeat !important;background-size: cover !important;}\u00bb rellax_image=\u00bb98&#8243;][vc_column el_align=\u00bbcenter\u00bb]<div id=\"1523865091863-22bcea49-a84b\" class=\"dt-sc-empty-space\"><\/div><div class='dt-sc-title script-with-sub-title '><h3>\u00bfQuieres conocer las novedades de King Delhi?<\/h3><h4><\/h4><\/div><a href='https:\/\/zamora.kingdelhi.com\/newsletter\/' target='_self' title='' class='dt-sc-button   large   filled  '  style=\"background-color:#deb661;border-color:#deb661;color:#ffffff;font-size:25;\"> Ap\u00fantate a nuestra Newsletter <\/a><div id=\"1523865091959-7c03b318-c4ba\" class=\"dt-sc-empty-space\"><\/div>[\/vc_column][\/vc_row]<\/p>\n<\/div>","protected":false},"excerpt":{"rendered":"<p>[vc_section bully_section=\u00bbyes\u00bb][vc_row][vc_column][vc_row_inner content_placement=\u00bbmiddle\u00bb][vc_column_inner el_align=\u00bbcenter\u00bb el_class=\u00bbrs_col-sm-12&#8243; width=\u00bb1\/2&#8243; offset=\u00bbvc_col-lg-6 vc_col-md-12&#8243;][vc_column_text]Estamos en la Avenida de Portugal, en Zamora. An\u00edmate a degustar nuestra comida india original.[\/vc_column_text][\/vc_column_inner][vc_column_inner el_class=\u00bbrs_col-sm-12&#8243; width=\u00bb1\/2&#8243; offset=\u00bbvc_col-lg-6 vc_col-md-12&#8243;][\/vc_column_inner][\/vc_row_inner][vc_row_inner content_placement=\u00bbmiddle\u00bb][vc_column_inner el_class=\u00bbrs_col-sm-12&#8243; width=\u00bb1\/2&#8243; offset=\u00bbvc_col-lg-6 vc_col-md-12&#8243;][\/vc_column_inner][vc_column_inner el_align=\u00bbcenter\u00bb el_class=\u00bbrs_col-sm-12&#8243; width=\u00bb1\/2&#8243; offset=\u00bbvc_col-lg-6 vc_col-md-12&#8243;][vc_column_text]240m2 en los que podr\u00e1s disfrutar de nuestras recetas de comida india originales, acompa\u00f1ados de bebidas aut\u00e9nticas.[\/vc_column_text][\/vc_column_inner][\/vc_row_inner][\/vc_column][\/vc_row][\/vc_section][vc_row full_width=\u00bbstretch_row\u00bb bg_type=\u00bbimage\u00bb parallax_style=\u00bbvcpb-vz-jquery\u00bb [&hellip;]<\/p>\n","protected":false},"author":1,"featured_media":0,"parent":0,"menu_order":0,"comment_status":"closed","ping_status":"closed","template":"","meta":{"footnotes":""},"class_list":["post-14","page","type-page","status-publish","hentry"],"_links":{"self":[{"href":"https:\/\/zamora.kingdelhi.com\/index.php?rest_route=\/wp\/v2\/pages\/14","targetHints":{"allow":["GET"]}}],"collection":[{"href":"https:\/\/zamora.kingdelhi.com\/index.php?rest_route=\/wp\/v2\/pages"}],"about":[{"href":"https:\/\/zamora.kingdelhi.com\/index.php?rest_route=\/wp\/v2\/types\/page"}],"author":[{"embeddable":true,"href":"https:\/\/zamora.kingdelhi.com\/index.php?rest_route=\/wp\/v2\/users\/1"}],"replies":[{"embeddable":true,"href":"https:\/\/zamora.kingdelhi.com\/index.php?rest_route=%2Fwp%2Fv2%2Fcomments&post=14"}],"version-history":[{"count":26,"href":"https:\/\/zamora.kingdelhi.com\/index.php?rest_route=\/wp\/v2\/pages\/14\/revisions"}],"predecessor-version":[{"id":21158,"href":"https:\/\/zamora.kingdelhi.com\/index.php?rest_route=\/wp\/v2\/pages\/14\/revisions\/21158"}],"wp:attachment":[{"href":"https:\/\/zamora.kingdelhi.com\/index.php?rest_route=%2Fwp%2Fv2%2Fmedia&parent=14"}],"curies":[{"name":"wp","href":"https:\/\/api.w.org\/{rel}","templated":true}]}}